{"id":2,"date":"2016-05-10T03:48:21","date_gmt":"2016-05-10T03:48:21","guid":{"rendered":"http:\/\/www.inducol.com\/?page_id=2"},"modified":"2022-12-19T13:41:58","modified_gmt":"2022-12-19T13:41:58","slug":"empresa","status":"publish","type":"page","link":"https:\/\/www.inducol.com\/","title":{"rendered":"Empresa"},"content":{"rendered":"\n<p class=\"has-text-align-left\">A INDUCOL \u00e9 uma f\u00e1brica de curtumes fundada em 1978, com sede e instala\u00e7\u00f5es fabris no centro de Portugal e que se dedica \u00e0 transforma\u00e7\u00e3o e acabamento de peles de borrego com l\u00e3, para vestu\u00e1rio, cal\u00e7ado, estofos e marroquinaria.<\/p>\n\n\n\n<p class=\"has-text-align-left\">Dotada de um parque de m\u00e1quinas de \u00faltima gera\u00e7\u00e3o, com um lay-out otimizado e um moderno laborat\u00f3rio tecnol\u00f3gico de investiga\u00e7\u00e3o e inova\u00e7\u00e3o, garante n\u00e3o s\u00f3 o desenvolvimento experimental em todas as etapas de produ\u00e7\u00e3o, como tamb\u00e9m a pesquisa de novas tend\u00eancias de moda, cores e texturas, desenvolvidas para os mercados de moda e luxo em todo o mundo.<\/p>\n\n\n<div class=\"wp-block-image\">\n<figure class=\"aligncenter size-large is-resized\"><img decoding=\"async\" src=\"https:\/\/www.inducol.com\/wp-content\/uploads\/2022\/12\/DSCF4509-2-1024x683.jpg\" alt=\"\" class=\"wp-image-94\" width=\"-295\" height=\"-196\" srcset=\"https:\/\/www.inducol.com\/wp-content\/uploads\/2022\/12\/DSCF4509-2-1024x683.jpg 1024w, https:\/\/www.inducol.com\/wp-content\/uploads\/2022\/12\/DSCF4509-2-300x200.jpg 300w, https:\/\/www.inducol.com\/wp-content\/uploads\/2022\/12\/DSCF4509-2-768x512.jpg 768w, https:\/\/www.inducol.com\/wp-content\/uploads\/2022\/12\/DSCF4509-2-1536x1024.jpg 1536w, https:\/\/www.inducol.com\/wp-content\/uploads\/2022\/12\/DSCF4509-2-2048x1365.jpg 2048w\" sizes=\"(max-width: 1024px) 100vw, 1024px\" \/><\/figure>\n<\/div>\n\n\n<p class=\"has-text-align-left\">Tais condi\u00e7\u00f5es permitem que o principal produto da sua produ\u00e7\u00e3o, conhecido como \u201cmerino doubleface\u201d se torne uma refer\u00eancia no segmento da alta moda mundial, conquistando entre os mais prestigiados estilistas e designers de moda uma imagem de credibilidade e qualidade do valor fornecido.<\/p>\n\n\n\n<p class=\"has-text-align-left\">Mantendo uma postura de concorr\u00eancia global, assegura um contacto permanente com os seus clientes, quer diretamente quer atrav\u00e9s dos seus agentes internacionais, bem como uma pol\u00edtica comercial de proximidade, visando o apoio na investiga\u00e7\u00e3o e desenvolvimento de novos artigos e acabamentos, dentro das tend\u00eancias da moda.<\/p>\n\n\n\n<p class=\"has-text-align-left\">Define-se como uma empresa amiga do ambiente, sendo pioneira no controlo e protec\u00e7\u00e3o do ambiente, tendo constru\u00eddo a sua pr\u00f3pria esta\u00e7\u00e3o de tratamento de \u00e1guas j\u00e1 em 1989, que cumpre escrupulosamente os par\u00e2metros legalmente estabelecidos e com continuidade na permanente procura e defini\u00e7\u00e3o de novos processos produtivos n\u00e3o poluentes.<\/p>\n\n\n<div class=\"wp-block-image\">\n<figure class=\"aligncenter size-full\"><img loading=\"lazy\" decoding=\"async\" width=\"452\" height=\"301\" src=\"https:\/\/www.inducol.com\/wp-content\/uploads\/2022\/12\/image005.jpg\" alt=\"\" class=\"wp-image-377\" srcset=\"https:\/\/www.inducol.com\/wp-content\/uploads\/2022\/12\/image005.jpg 452w, https:\/\/www.inducol.com\/wp-content\/uploads\/2022\/12\/image005-300x200.jpg 300w\" sizes=\"auto, (max-width: 452px) 100vw, 452px\" \/><\/figure>\n<\/div>\n\n\n<p class=\"has-text-align-left\">Todo o processo produtivo cumpre a conven\u00e7\u00e3o REACH para produtos qu\u00edmicos restritos e proibidos desde a sua implementa\u00e7\u00e3o, tendo a empresa subscrito os projetos MRSL e PRSL, das principais marcas de moda, apostando num processo de produ\u00e7\u00e3o ecol\u00f3gico e inovador.<\/p>\n\n\n\n<p class=\"has-text-align-left\">Por ser uma empresa preocupada com o meio ambiente, \u00e9 certificada pela ISO 9001 e registrada no ZDHC para todos os produtos qu\u00edmicos utilizados no processo produtivo.<\/p>\n\n\n<div class=\"wp-block-image\">\n<figure class=\"aligncenter size-full\"><img loading=\"lazy\" decoding=\"async\" width=\"299\" height=\"168\" src=\"https:\/\/www.inducol.com\/wp-content\/uploads\/2022\/12\/pme.jpg\" alt=\"\" class=\"wp-image-96\"\/><\/figure>\n<\/div>\n\n\n<p class=\"has-text-align-left\">A empresa tamb\u00e9m aderiu ao Leather Working Group,  e continua empenhada na melhoria cont\u00ednua para atingir gradualmente os pr\u00f3ximos n\u00edveis de certifica\u00e7\u00e3o.<\/p>\n\n\n\n<p class=\"has-text-align-left\">Preocupada tamb\u00e9m com o bem-estar social dos seus trabalhadores, est\u00e1 atualmente em fase de implementa\u00e7\u00e3o da norma de responsabilidade social.<\/p>\n\n\n\n<p class=\"has-text-align-left\">Tornando-se cada vez mais importantes, quest\u00f5es como a rastreabilidade, a empresa est\u00e1 preparada para gerir esta quest\u00e3o de uma forma relativamente f\u00e1cil, pois executa todo o processo produtivo desde a fase inicial at\u00e9 ao produto final, trabalhando \u00fanica e exclusivamente mat\u00e9rias-primas com origem na Pen\u00ednsula Ib\u00e9rica, n\u00e3o adquirindo portanto nenhum tipo de mat\u00e9ria prima semi processada, nem de outra origem o que permite automaticamente uma rastreabilidade perfeita de toda a cadeia de fornecimento de mat\u00e9ria-prima.<\/p>\n\n\n\n<p class=\"has-text-align-left\">&nbsp;Todos estes aspetos s\u00e3o de capital import\u00e2ncia, contribuindo significativamente para a continuidade e sucesso da empresa.<\/p>\n","protected":false},"excerpt":{"rendered":"<p>A INDUCOL \u00e9 uma f\u00e1brica de curtumes fundada em 1978, com sede e instala\u00e7\u00f5es fabris no centro de Portugal e que se dedica \u00e0 transforma\u00e7\u00e3o e acabamento de peles de borrego com l\u00e3, para vestu\u00e1rio, cal\u00e7ado, estofos e marroquinaria. Dotada de um parque de m\u00e1quinas de \u00faltima gera\u00e7\u00e3o, com um&#8230;<\/p>\n","protected":false},"author":1,"featured_media":0,"parent":0,"menu_order":0,"comment_status":"closed","ping_status":"closed","template":"","meta":{"footnotes":""},"class_list":["post-2","page","type-page","status-publish","hentry"],"_links":{"self":[{"href":"https:\/\/www.inducol.com\/index.php?rest_route=\/wp\/v2\/pages\/2","targetHints":{"allow":["GET"]}}],"collection":[{"href":"https:\/\/www.inducol.com\/index.php?rest_route=\/wp\/v2\/pages"}],"about":[{"href":"https:\/\/www.inducol.com\/index.php?rest_route=\/wp\/v2\/types\/page"}],"author":[{"embeddable":true,"href":"https:\/\/www.inducol.com\/index.php?rest_route=\/wp\/v2\/users\/1"}],"replies":[{"embeddable":true,"href":"https:\/\/www.inducol.com\/index.php?rest_route=%2Fwp%2Fv2%2Fcomments&post=2"}],"version-history":[{"count":5,"href":"https:\/\/www.inducol.com\/index.php?rest_route=\/wp\/v2\/pages\/2\/revisions"}],"predecessor-version":[{"id":378,"href":"https:\/\/www.inducol.com\/index.php?rest_route=\/wp\/v2\/pages\/2\/revisions\/378"}],"wp:attachment":[{"href":"https:\/\/www.inducol.com\/index.php?rest_route=%2Fwp%2Fv2%2Fmedia&parent=2"}],"curies":[{"name":"wp","href":"https:\/\/api.w.org\/{rel}","templated":true}]}}