{"id":139,"date":"2022-12-07T11:39:03","date_gmt":"2022-12-07T11:39:03","guid":{"rendered":"https:\/\/www.inducol.com\/?page_id=139"},"modified":"2024-01-15T17:25:20","modified_gmt":"2024-01-15T17:25:20","slug":"sustentabilidade","status":"publish","type":"page","link":"https:\/\/www.inducol.com\/?page_id=139","title":{"rendered":"Sustentabilidade"},"content":{"rendered":"\n<p>A estrat\u00e9gia da empresa \u00e9 melhorar o desempenho da organiza\u00e7\u00e3o, melhorar a capacidade de fornecer os seus clientes assim como dar resposta \u00e0s suas necessidades e exig\u00eancias, tendo em conta as melhores condi\u00e7\u00f5es de trabalho, proporcionando aos nossos colaboradores um maior e melhor desempenho, contribuindo para um produto final de alt\u00edssima qualidade.<\/p>\n\n\n\n<p><\/p>\n\n\n\n<div class=\"wp-block-group\"><div class=\"wp-block-group__inner-container is-layout-constrained wp-block-group-is-layout-constrained\">\n<figure class=\"wp-block-gallery has-nested-images columns-default wp-block-gallery-1 is-layout-flex wp-block-gallery-is-layout-flex\">\n<figure class=\"wp-block-image size-large\"><a href=\"https:\/\/www.inducol.com\/wp-content\/uploads\/2023\/07\/CCF_000014.pdf\"><img loading=\"lazy\" decoding=\"async\" width=\"388\" height=\"396\" data-id=\"423\" src=\"https:\/\/www.inducol.com\/wp-content\/uploads\/2023\/07\/SA8000.jpg\" alt=\"\" class=\"wp-image-423\" srcset=\"https:\/\/www.inducol.com\/wp-content\/uploads\/2023\/07\/SA8000.jpg 388w, https:\/\/www.inducol.com\/wp-content\/uploads\/2023\/07\/SA8000-294x300.jpg 294w\" sizes=\"auto, (max-width: 388px) 100vw, 388px\" \/><\/a><\/figure>\n\n\n\n<figure class=\"wp-block-image size-large\"><a href=\"https:\/\/www.inducol.com\/wp-content\/uploads\/2025\/02\/Certificate_Inducol.pdf\"><img loading=\"lazy\" decoding=\"async\" width=\"734\" height=\"1024\" data-id=\"458\" src=\"https:\/\/www.inducol.com\/wp-content\/uploads\/2023\/09\/sgs-new-734x1024.jpg\" alt=\"\" class=\"wp-image-458\" srcset=\"https:\/\/www.inducol.com\/wp-content\/uploads\/2023\/09\/sgs-new-734x1024.jpg 734w, https:\/\/www.inducol.com\/wp-content\/uploads\/2023\/09\/sgs-new-215x300.jpg 215w, https:\/\/www.inducol.com\/wp-content\/uploads\/2023\/09\/sgs-new-768x1071.jpg 768w, https:\/\/www.inducol.com\/wp-content\/uploads\/2023\/09\/sgs-new-1101x1536.jpg 1101w, https:\/\/www.inducol.com\/wp-content\/uploads\/2023\/09\/sgs-new-1469x2048.jpg 1469w, https:\/\/www.inducol.com\/wp-content\/uploads\/2023\/09\/sgs-new-scaled.jpg 1836w\" sizes=\"auto, (max-width: 734px) 100vw, 734px\" \/><\/a><\/figure>\n\n\n\n<figure class=\"wp-block-image size-full\"><a href=\"https:\/\/www.inducol.com\/wp-content\/uploads\/2025\/02\/LWG-Audit-Certificate-Bronze-7.2.4.-v-2-INDUCOL.pdf\"><img loading=\"lazy\" decoding=\"async\" width=\"1000\" height=\"900\" data-id=\"497\" src=\"https:\/\/www.inducol.com\/wp-content\/uploads\/2025\/02\/transferir.png\" alt=\"\" class=\"wp-image-497\" srcset=\"https:\/\/www.inducol.com\/wp-content\/uploads\/2025\/02\/transferir.png 1000w, https:\/\/www.inducol.com\/wp-content\/uploads\/2025\/02\/transferir-300x270.png 300w, https:\/\/www.inducol.com\/wp-content\/uploads\/2025\/02\/transferir-768x691.png 768w\" sizes=\"auto, (max-width: 1000px) 100vw, 1000px\" \/><\/a><\/figure>\n<\/figure>\n<\/div><\/div>\n\n\n\n<p><\/p>\n\n\n\n<p><\/p>\n\n\n\n<p><\/p>\n","protected":false},"excerpt":{"rendered":"<p>A estrat\u00e9gia da empresa \u00e9 melhorar o desempenho da organiza\u00e7\u00e3o, melhorar a capacidade de fornecer os seus clientes assim como dar resposta \u00e0s suas necessidades e exig\u00eancias, tendo em conta as melhores condi\u00e7\u00f5es de trabalho, proporcionando aos nossos colaboradores um maior e melhor desempenho, contribuindo para um produto final de&#8230;<\/p>\n","protected":false},"author":1,"featured_media":0,"parent":0,"menu_order":0,"comment_status":"closed","ping_status":"closed","template":"","meta":{"footnotes":""},"class_list":["post-139","page","type-page","status-publish","hentry"],"_links":{"self":[{"href":"https:\/\/www.inducol.com\/index.php?rest_route=\/wp\/v2\/pages\/139","targetHints":{"allow":["GET"]}}],"collection":[{"href":"https:\/\/www.inducol.com\/index.php?rest_route=\/wp\/v2\/pages"}],"about":[{"href":"https:\/\/www.inducol.com\/index.php?rest_route=\/wp\/v2\/types\/page"}],"author":[{"embeddable":true,"href":"https:\/\/www.inducol.com\/index.php?rest_route=\/wp\/v2\/users\/1"}],"replies":[{"embeddable":true,"href":"https:\/\/www.inducol.com\/index.php?rest_route=%2Fwp%2Fv2%2Fcomments&post=139"}],"version-history":[{"count":21,"href":"https:\/\/www.inducol.com\/index.php?rest_route=\/wp\/v2\/pages\/139\/revisions"}],"predecessor-version":[{"id":479,"href":"https:\/\/www.inducol.com\/index.php?rest_route=\/wp\/v2\/pages\/139\/revisions\/479"}],"wp:attachment":[{"href":"https:\/\/www.inducol.com\/index.php?rest_route=%2Fwp%2Fv2%2Fmedia&parent=139"}],"curies":[{"name":"wp","href":"https:\/\/api.w.org\/{rel}","templated":true}]}}